{"id":100750,"date":"2024-08-01T00:25:23","date_gmt":"2024-08-01T00:25:23","guid":{"rendered":"https:\/\/leafpty.com\/?page_id=100750"},"modified":"2025-02-21T17:36:07","modified_gmt":"2025-02-21T17:36:07","slug":"cotizar","status":"publish","type":"page","link":"https:\/\/leafpty.com\/en\/cotizar\/","title":{"rendered":"Cotizar"},"content":{"rendered":"<p>[et_pb_section fb_built=\u00bb1&#8243; specialty=\u00bbon\u00bb custom_padding_last_edited=\u00bbon|desktop\u00bb background_color_2=\u00bb#ffffff\u00bb padding_top_2=\u00bb40px\u00bb padding_right_2=\u00bb30px\u00bb padding_bottom_2=\u00bb40px\u00bb padding_left_2=\u00bb30px\u00bb padding_top_bottom_link_2=\u00bbtrue\u00bb padding_left_right_link_2=\u00bbtrue\u00bb padding_2_tablet=\u00bb0px|0px|0px|0px|true|true\u00bb padding_2_phone=\u00bb\u00bb padding_2_last_edited=\u00bbon|tablet\u00bb admin_label=\u00bbHeader\u00bb _builder_version=\u00bb4.25.2&#8243; use_background_color_gradient=\u00bbon\u00bb background_color_gradient_direction=\u00bb90deg\u00bb background_color_gradient_stops=\u00bb#ffffff 65%|#A1532F 65%\u00bb background_color_gradient_start=\u00bb#ffffff\u00bb background_color_gradient_start_position=\u00bb65%\u00bb background_color_gradient_end=\u00bb#002d4c\u00bb background_color_gradient_end_position=\u00bb0%\u00bb custom_padding=\u00bb5vw||80px||false|false\u00bb custom_padding_tablet=\u00bb||0px||false|false\u00bb custom_padding_phone=\u00bb\u00bb background_last_edited=\u00bbon|tablet\u00bb use_background_color_gradient_tablet=\u00bboff\u00bb da_disable_devices=\u00bboff|off|off\u00bb global_colors_info=\u00bb{}\u00bb da_is_popup=\u00bboff\u00bb da_exit_intent=\u00bboff\u00bb da_has_close=\u00bbon\u00bb da_alt_close=\u00bboff\u00bb da_dark_close=\u00bboff\u00bb da_not_modal=\u00bbon\u00bb da_is_singular=\u00bboff\u00bb da_with_loader=\u00bboff\u00bb da_has_shadow=\u00bbon\u00bb][et_pb_column type=\u00bb1_2&#8243; specialty_columns=\u00bb2&#8243; _builder_version=\u00bb4.16&#8243; custom_padding=\u00bb|||\u00bb global_colors_info=\u00bb{}\u00bb custom_padding__hover=\u00bb|||\u00bb][et_pb_row_inner _builder_version=\u00bb4.16&#8243; global_colors_info=\u00bb{}\u00bb][et_pb_column_inner saved_specialty_column_type=\u00bb1_2&#8243; _builder_version=\u00bb4.16&#8243; global_colors_info=\u00bb{}\u00bb][et_pb_text _builder_version=\u00bb4.25.2&#8243; text_font=\u00bbCabin||||||||\u00bb text_text_color=\u00bbrgba(85,101,112,0.8)\u00bb text_line_height=\u00bb1.8em\u00bb header_font=\u00bbLato||||||||\u00bb header_text_color=\u00bb#A1532F\u00bb header_font_size=\u00bb35px\u00bb header_line_height=\u00bb1.1em\u00bb header_3_font=\u00bb&#8211;et_global_body_font|700||on|||||\u00bb header_3_text_color=\u00bb#bd8f52&#8243; header_3_font_size=\u00bb13px\u00bb header_3_letter_spacing=\u00bb3px\u00bb header_3_line_height=\u00bb1.4em\u00bb max_width=\u00bb36vw\u00bb max_width_tablet=\u00bb90%\u00bb max_width_phone=\u00bb100%\u00bb max_width_last_edited=\u00bbon|tablet\u00bb custom_margin=\u00bb||||false|false\u00bb text_font_size_tablet=\u00bb15px\u00bb text_font_size_phone=\u00bb14px\u00bb text_font_size_last_edited=\u00bbon|phone\u00bb header_font_size_tablet=\u00bb52px\u00bb header_font_size_phone=\u00bb27px\u00bb header_font_size_last_edited=\u00bbon|desktop\u00bb locked=\u00bboff\u00bb global_colors_info=\u00bb{}\u00bb]<\/p>\n<h1 style=\"text-align: center;\">Solicitud de Cotizaci\u00f3n para Eventos Especiales en Leaf Restaurant<\/h1>\n<p>&nbsp;<\/p>\n<p>[\/et_pb_text][et_pb_text content_tablet=\u00bb<\/p>\n<p>Agradecemos su inter\u00e9s en celebrar su evento especial en Leaf Restaurant. Para brindarle una cotizaci\u00f3n precisa y personalizada, le solicitamos que complete el siguiente formulario con los detalles de su evento. Esto nos permitir\u00e1 entender mejor sus necesidades y ofrecerle la mejor experiencia posible.<\/p>\n<p>\u00bb content_phone=\u00bb<\/p>\n<p style=\"%22text-align:\" justify;%22>Agradecemos su inter\u00e9s en celebrar su evento especial en Leaf Restaurant. Para brindarle una cotizaci\u00f3n precisa y personalizada, le solicitamos que complete el siguiente formulario con los detalles de su evento. Esto nos permitir\u00e1 entender mejor sus necesidades y ofrecerle la mejor experiencia posible.<\/p>\n<p>\u00bb content_last_edited=\u00bbon|phone\u00bb _builder_version=\u00bb4.25.2&#8243; _module_preset=\u00bbdefault\u00bb text_font_size_tablet=\u00bb\u00bb text_font_size_phone=\u00bb14px\u00bb text_font_size_last_edited=\u00bbon|phone\u00bb global_colors_info=\u00bb{}\u00bb]<\/p>\n<p style=\"text-align: justify;\">Agradecemos su inter\u00e9s en celebrar su evento especial en Leaf Restaurant. Para brindarle una cotizaci\u00f3n precisa y personalizada, le solicitamos que complete el siguiente formulario con los detalles de su evento. Esto nos permitir\u00e1 entender mejor sus necesidades y ofrecerle la mejor experiencia posible.<\/p>\n<p>[\/et_pb_text][et_pb_text content_tablet=\u00bb<\/p>\n<p>Una vez recibamos su informaci\u00f3n, nuestro equipo se pondr\u00e1 en contacto con usted lo antes posible para discutir los detalles y proporcionarle una cotizaci\u00f3n personalizada.<\/p>\n<p><strong>\u00a1Esperamos tener la oportunidad de servirle y contribuir a la realizaci\u00f3n de un evento espectacular!<\/strong><\/p>\n<p>\u00bb content_phone=\u00bb<\/p>\n<p style=\"%22text-align:\" justify;%22>Una vez recibamos su informaci\u00f3n, nuestro equipo se pondr\u00e1 en contacto con usted lo antes posible para discutir los detalles y proporcionarle una cotizaci\u00f3n personalizada.<\/p>\n<p><strong>\u00a1Esperamos tener la oportunidad de servirle y contribuir a la realizaci\u00f3n de un evento espectacular!<\/strong><\/p>\n<p>\u00bb content_last_edited=\u00bbon|phone\u00bb _builder_version=\u00bb4.25.2&#8243; _module_preset=\u00bbdefault\u00bb text_font_size_tablet=\u00bb\u00bb text_font_size_phone=\u00bb14px\u00bb text_font_size_last_edited=\u00bbon|phone\u00bb global_colors_info=\u00bb{}\u00bb]<\/p>\n<p style=\"text-align: justify;\">Una vez recibamos su informaci\u00f3n, nuestro equipo se pondr\u00e1 en contacto con usted lo antes posible para discutir los detalles y proporcionarle una cotizaci\u00f3n personalizada.<\/p>\n<p><strong>\u00a1Esperamos tener la oportunidad de servirle y contribuir a la realizaci\u00f3n de un evento espectacular!<\/strong><\/p>\n<p>[\/et_pb_text][\/et_pb_column_inner][\/et_pb_row_inner][\/et_pb_column][et_pb_column type=\u00bb1_2&#8243; _builder_version=\u00bb4.16&#8243; custom_padding=\u00bb|||\u00bb global_colors_info=\u00bb{}\u00bb custom_padding__hover=\u00bb|||\u00bb][et_pb_code _builder_version=\u00bb4.27.4&#8243; _module_preset=\u00bbdefault\u00bb global_colors_info=\u00bb{}\u00bb]<script charset=\"utf-8\" type=\"text\/javascript\" src=\"\/\/js.hsforms.net\/forms\/embed\/v2.js\"><\/script><!-- [et_pb_line_break_holder] --><script><!-- [et_pb_line_break_holder] -->  hbspt.forms.create({<!-- [et_pb_line_break_holder] -->    portalId: \"48261957\",<!-- [et_pb_line_break_holder] -->    formId: \"01edba65-ee3f-4715-a590-2fa4cc293481\"<!-- [et_pb_line_break_holder] -->  });<!-- [et_pb_line_break_holder] --><\/script>[\/et_pb_code][\/et_pb_column][\/et_pb_section][et_pb_section fb_built=\u00bb1&#8243; admin_label=\u00bbPopup &#8211; #descuento\u00bb module_id=\u00bbdescuento\u00bb module_class=\u00bbpopup\u00bb _builder_version=\u00bb4.27.0&#8243; _module_preset=\u00bbdefault\u00bb background_color=\u00bb#293823&#8243; background_enable_image=\u00bboff\u00bb max_width=\u00bb81%\u00bb da_is_popup=\u00bbon\u00bb da_popup_slug=\u00bbdescuento\u00bb da_disable_devices=\u00bboff|off|off\u00bb locked=\u00bboff\u00bb global_colors_info=\u00bb{}\u00bb da_exit_intent=\u00bboff\u00bb da_has_close=\u00bbon\u00bb da_alt_close=\u00bboff\u00bb da_dark_close=\u00bboff\u00bb da_not_modal=\u00bbon\u00bb da_is_singular=\u00bboff\u00bb da_with_loader=\u00bboff\u00bb da_has_shadow=\u00bbon\u00bb][et_pb_row _builder_version=\u00bb4.27.0&#8243; _module_preset=\u00bbdefault\u00bb global_colors_info=\u00bb{}\u00bb][et_pb_column type=\u00bb4_4&#8243; _builder_version=\u00bb4.25.2&#8243; _module_preset=\u00bbdefault\u00bb global_colors_info=\u00bb{}\u00bb][et_pb_image src=\u00bbhttps:\/\/leafpty.com\/wp-content\/uploads\/2025\/01\/Banner-POP-UP-leaf.jpg\u00bb title_text=\u00bbBanner POP-UP leaf\u00bb _builder_version=\u00bb4.27.4&#8243; _module_preset=\u00bbdefault\u00bb positioning=\u00bbrelative\u00bb horizontal_offset=\u00bb-35px\u00bb vertical_offset_tablet=\u00bb\u00bb vertical_offset_phone=\u00bb0px\u00bb vertical_offset_last_edited=\u00bbon|phone\u00bb horizontal_offset_tablet=\u00bb-35px\u00bb horizontal_offset_phone=\u00bb0px\u00bb horizontal_offset_last_edited=\u00bbon|phone\u00bb position_origin_a_tablet=\u00bb\u00bb position_origin_a_phone=\u00bb\u00bb position_origin_a_last_edited=\u00bbon|phone\u00bb position_origin_f_tablet=\u00bb\u00bb position_origin_f_phone=\u00bb\u00bb position_origin_f_last_edited=\u00bbon|phone\u00bb position_origin_r_tablet=\u00bb\u00bb position_origin_r_phone=\u00bb\u00bb position_origin_r_last_edited=\u00bbon|phone\u00bb width=\u00bb110%\u00bb width_tablet=\u00bb110%\u00bb width_phone=\u00bb100%\u00bb width_last_edited=\u00bbon|phone\u00bb positioning_tablet=\u00bbrelative\u00bb positioning_phone=\u00bbrelative\u00bb positioning_last_edited=\u00bbon|phone\u00bb global_colors_info=\u00bb{}\u00bb][\/et_pb_image][\/et_pb_column][\/et_pb_row][et_pb_row _builder_version=\u00bb4.25.2&#8243; _module_preset=\u00bbdefault\u00bb global_colors_info=\u00bb{}\u00bb][et_pb_column type=\u00bb4_4&#8243; _builder_version=\u00bb4.25.2&#8243; _module_preset=\u00bbdefault\u00bb global_colors_info=\u00bb{}\u00bb][et_pb_button button_url=\u00bbwa.link\/holep0&#8243; url_new_window=\u00bbon\u00bb button_text=\u00bb\u00a1Cotiza aqu\u00ed!\u00bb button_alignment=\u00bbcenter\u00bb _builder_version=\u00bb4.27.4&#8243; _module_preset=\u00bbdefault\u00bb custom_button=\u00bbon\u00bb button_text_color=\u00bb#FFFFFF\u00bb button_bg_color=\u00bb#C57248&#8243; button_border_width=\u00bb0px\u00bb button_border_color=\u00bbRGBA(255,255,255,0)\u00bb button_font=\u00bbLato|700|||||||\u00bb button_use_icon=\u00bboff\u00bb hover_enabled=\u00bb0&#8243; global_colors_info=\u00bb{}\u00bb sticky_enabled=\u00bb0&#8243;][\/et_pb_button][\/et_pb_column][\/et_pb_row][\/et_pb_section]<\/p>","protected":false},"excerpt":{"rendered":"<p>Solicitud de Cotizaci\u00f3n para Eventos Especiales en Leaf Restaurant &nbsp;Agradecemos su inter\u00e9s en celebrar su evento especial en Leaf Restaurant. Para brindarle una cotizaci\u00f3n precisa y personalizada, le solicitamos que complete el siguiente formulario con los detalles de su evento. Esto nos permitir\u00e1 entender mejor sus necesidades y ofrecerle la mejor experiencia posible.Una vez recibamos [&hellip;]<\/p>","protected":false},"author":1,"featured_media":0,"parent":0,"menu_order":0,"comment_status":"closed","ping_status":"closed","template":"","meta":{"_siteseo_robots_primary_cat":"","_et_pb_use_builder":"on","_et_pb_old_content":"","_et_gb_content_width":"","footnotes":""},"class_list":["post-100750","page","type-page","status-publish","hentry"],"_links":{"self":[{"href":"https:\/\/leafpty.com\/en\/wp-json\/wp\/v2\/pages\/100750","targetHints":{"allow":["GET"]}}],"collection":[{"href":"https:\/\/leafpty.com\/en\/wp-json\/wp\/v2\/pages"}],"about":[{"href":"https:\/\/leafpty.com\/en\/wp-json\/wp\/v2\/types\/page"}],"author":[{"embeddable":true,"href":"https:\/\/leafpty.com\/en\/wp-json\/wp\/v2\/users\/1"}],"replies":[{"embeddable":true,"href":"https:\/\/leafpty.com\/en\/wp-json\/wp\/v2\/comments?post=100750"}],"version-history":[{"count":8,"href":"https:\/\/leafpty.com\/en\/wp-json\/wp\/v2\/pages\/100750\/revisions"}],"predecessor-version":[{"id":101573,"href":"https:\/\/leafpty.com\/en\/wp-json\/wp\/v2\/pages\/100750\/revisions\/101573"}],"wp:attachment":[{"href":"https:\/\/leafpty.com\/en\/wp-json\/wp\/v2\/media?parent=100750"}],"curies":[{"name":"wp","href":"https:\/\/api.w.org\/{rel}","templated":true}]}}